{"id":578,"date":"2016-01-30T15:08:13","date_gmt":"2016-01-30T15:08:13","guid":{"rendered":"http:\/\/baudineries.fr\/?page_id=578"},"modified":"2017-06-10T14:37:49","modified_gmt":"2017-06-10T14:37:49","slug":"series","status":"publish","type":"page","link":"https:\/\/baudineries.fr\/index.php\/series\/","title":{"rendered":"S\u00e9ries"},"content":{"rendered":"<p>Choisissez une s\u00e9rie dans le menu en haut \u00e0 gauche, ou s\u00e9lectionnez un lien ci-dessous<\/p>\n<ul>\n<li><a href=\"http:\/\/baudineries.fr\/index.php\/la-defense-vue-du-sol\/\">La D\u00e9fense vue du sol<\/a><\/li>\n<li><a href=\"http:\/\/baudineries.fr\/index.php\/man-and-fire\/\">Man and Fire<\/a><\/li>\n<li><a href=\"http:\/\/baudineries.fr\/index.php\/stone-and-fire\/\">Stone and Fire<\/a><\/li>\n<li><a href=\"http:\/\/baudineries.fr\/index.php\/burano-life\/\">Burano Life<\/a><\/li>\n<li><a href=\"http:\/\/baudineries.fr\/index.php\/burano-facades\/\">Burano Facades<\/a><\/li>\n<li><a href=\"http:\/\/baudineries.fr\/index.php\/venise\/\">Venise<\/a><\/li>\n<\/ul>\n","protected":false},"excerpt":{"rendered":"<p>Choisissez une s\u00e9rie dans le menu en haut \u00e0 gauche, ou s\u00e9lectionnez un lien ci-dessous La D\u00e9fense vue du sol Man and Fire Stone and Fire Burano Life Burano Facades Venise<\/p>\n","protected":false},"author":1,"featured_media":0,"parent":0,"menu_order":0,"comment_status":"closed","ping_status":"closed","template":"","meta":{"ngg_post_thumbnail":0,"footnotes":""},"class_list":["post-578","page","type-page","status-publish","hentry"],"_links":{"self":[{"href":"https:\/\/baudineries.fr\/index.php\/wp-json\/wp\/v2\/pages\/578","targetHints":{"allow":["GET"]}}],"collection":[{"href":"https:\/\/baudineries.fr\/index.php\/wp-json\/wp\/v2\/pages"}],"about":[{"href":"https:\/\/baudineries.fr\/index.php\/wp-json\/wp\/v2\/types\/page"}],"author":[{"embeddable":true,"href":"https:\/\/baudineries.fr\/index.php\/wp-json\/wp\/v2\/users\/1"}],"replies":[{"embeddable":true,"href":"https:\/\/baudineries.fr\/index.php\/wp-json\/wp\/v2\/comments?post=578"}],"version-history":[{"count":6,"href":"https:\/\/baudineries.fr\/index.php\/wp-json\/wp\/v2\/pages\/578\/revisions"}],"predecessor-version":[{"id":1067,"href":"https:\/\/baudineries.fr\/index.php\/wp-json\/wp\/v2\/pages\/578\/revisions\/1067"}],"wp:attachment":[{"href":"https:\/\/baudineries.fr\/index.php\/wp-json\/wp\/v2\/media?parent=578"}],"curies":[{"name":"wp","href":"https:\/\/api.w.org\/{rel}","templated":true}]}}